{"id":9448,"date":"2024-02-28T09:49:54","date_gmt":"2024-02-28T09:49:54","guid":{"rendered":"https:\/\/www.piramidatour.si\/?page_id=9448"},"modified":"2025-03-02T15:35:30","modified_gmt":"2025-03-02T15:35:30","slug":"prijava-v-piramida-tour-2025","status":"publish","type":"page","link":"https:\/\/prijava.piramidatour.si\/index.php\/prijava-v-piramida-tour-2025\/","title":{"rendered":"Prijava v Piramida tour 2025"},"content":{"rendered":"\n<div class=\"wp-block-contact-form-7-contact-form-selector\"><div role=\"form\" class=\"wpcf7\" id=\"wpcf7-f564-o1\" lang=\"sl-SI\" dir=\"ltr\">\n<div class=\"screen-reader-response\"><p role=\"status\" aria-live=\"polite\" aria-atomic=\"true\"><\/p> <ul><\/ul><\/div>\n<form action=\"\/index.php\/wp-json\/wp\/v2\/pages\/9448#wpcf7-f564-o1\" method=\"post\" class=\"wpcf7-form init\" novalidate=\"novalidate\" data-status=\"init\">\n<div style=\"display: none;\">\n<input type=\"hidden\" name=\"_wpcf7\" value=\"564\" \/>\n<input type=\"hidden\" name=\"_wpcf7_version\" value=\"5.3.2\" \/>\n<input type=\"hidden\" name=\"_wpcf7_locale\" value=\"sl_SI\" \/>\n<input type=\"hidden\" name=\"_wpcf7_unit_tag\" value=\"wpcf7-f564-o1\" \/>\n<input type=\"hidden\" name=\"_wpcf7_container_post\" value=\"0\" \/>\n<input type=\"hidden\" name=\"_wpcf7_posted_data_hash\" value=\"\" \/>\n<\/div>\n<h2>Prijavljam se v teni\u0161ko Piramido 2025<\/h2>\n<div class=\"fields\">\n<div class=\"unit\">\n<span class=\"wpcf7-form-control-wrap ime\"><select name=\"ime\" class=\"wpcf7-form-control wpcf7-select wpcf7-validates-as-required\" aria-required=\"true\" aria-invalid=\"false\"><option value=\"Ime igralca ...\">Ime igralca ...<\/option><option value=\"\u010ce te ni na seznamu izberi NOVI IGRALEC\">\u010ce te ni na seznamu izberi NOVI IGRALEC<\/option><option value=\"ACO SPASOVI\u0106\">ACO SPASOVI\u0106<\/option><option value=\"ALEKS KUZMIN\">ALEKS KUZMIN<\/option><option value=\"ALEKS VINCEK\">ALEKS VINCEK<\/option><option value=\"ALEKSANDAR \u017dIVIN\">ALEKSANDAR \u017dIVIN<\/option><option value=\"ALE\u0160 BRATINA\">ALE\u0160 BRATINA<\/option><option value=\"ALE\u0160 PI\u0160\u010cANC\">ALE\u0160 PI\u0160\u010cANC<\/option><option value=\"ALEX BU\u010cI\u0106\">ALEX BU\u010cI\u0106<\/option><option value=\"ALEX VERGAN\">ALEX VERGAN<\/option><option value=\"ALJA\u017d \u017dIGON\">ALJA\u017d \u017dIGON<\/option><option value=\"AMEL RAMI\u0106\">AMEL RAMI\u0106<\/option><option value=\"ANDRA\u017d FURLAN\">ANDRA\u017d FURLAN<\/option><option value=\"ANDRA\u017d ROGELJA\">ANDRA\u017d ROGELJA<\/option><option value=\"ANDREJ GLAVINA\">ANDREJ GLAVINA<\/option><option value=\"ANDREJ JUKI\u0106\">ANDREJ JUKI\u0106<\/option><option value=\"ANDREJ KARI\u0160\">ANDREJ KARI\u0160<\/option><option value=\"ANDREJ KRA\u0160EVEC\">ANDREJ KRA\u0160EVEC<\/option><option value=\"ANDREJ KUK\">ANDREJ KUK<\/option><option value=\"ANDREJ PAROVEL\">ANDREJ PAROVEL<\/option><option value=\"ANDREJ TRIPAR\">ANDREJ TRIPAR<\/option><option value=\"ANTON JURI\u0160EVI\u010c\">ANTON JURI\u0160EVI\u010c<\/option><option value=\"ARNEL JUNUZOVI\u0106\">ARNEL JUNUZOVI\u0106<\/option><option value=\"BLA\u017d PETROVI\u010c\">BLA\u017d PETROVI\u010c<\/option><option value=\"BOBO LAZOVI\u0106\">BOBO LAZOVI\u0106<\/option><option value=\"BOJAN CETIN\">BOJAN CETIN<\/option><option value=\"BOR ZULJAN\">BOR ZULJAN<\/option><option value=\"BORUT FAKIN\">BORUT FAKIN<\/option><option value=\"BORUT GLAVINA\">BORUT GLAVINA<\/option><option value=\"BORUT UMER\">BORUT UMER<\/option><option value=\"BO\u0160TJAN BEDENE\">BO\u0160TJAN BEDENE<\/option><option value=\"BO\u0160TJAN BR\u017dAN\">BO\u0160TJAN BR\u017dAN<\/option><option value=\"BO\u0160TJAN HRABAR\">BO\u0160TJAN HRABAR<\/option><option value=\"BO\u0160TJAN PERKO\">BO\u0160TJAN PERKO<\/option><option value=\"BO\u017dO NAGODE\">BO\u017dO NAGODE<\/option><option value=\"BRANKO PODGORNIK\">BRANKO PODGORNIK<\/option><option value=\"DAMIR MIKIN\">DAMIR MIKIN<\/option><option value=\"DAMJAN DEKLEVA\">DAMJAN DEKLEVA<\/option><option value=\"DAMJAN ZORNADA\">DAMJAN ZORNADA<\/option><option value=\"DARE VR\u0160I\u010c\">DARE VR\u0160I\u010c<\/option><option value=\"DARKO \u010cAVAR\">DARKO \u010cAVAR<\/option><option value=\"DAVID ROJ\">DAVID ROJ<\/option><option value=\"DAVID ROP\">DAVID ROP<\/option><option value=\"DAVID ZAJEC\">DAVID ZAJEC<\/option><option value=\"DEJAN CVJETKOVI\u0106\">DEJAN CVJETKOVI\u0106<\/option><option value=\"DEJAN \u010cOLI\u0106\">DEJAN \u010cOLI\u0106<\/option><option value=\"DENIS \u010cEBULEC\">DENIS \u010cEBULEC<\/option><option value=\"DENYS SVYSTUKHIN\">DENYS SVYSTUKHIN<\/option><option value=\"DRAGO PETROVSKI\">DRAGO PETROVSKI<\/option><option value=\"DU\u0160AN VALENTIN\u010cI\u010c\">DU\u0160AN VALENTIN\u010cI\u010c<\/option><option value=\"DU\u0160AN TOPALOVI\u0106\">DU\u0160AN TOPALOVI\u0106<\/option><option value=\"DU\u0160KO KUZMANOVI\u0106\">DU\u0160KO KUZMANOVI\u0106<\/option><option value=\"EDI PERO\u0160A\">EDI PERO\u0160A<\/option><option value=\"EDIN BALIJA\">EDIN BALIJA<\/option><option value=\"EDO \u0160ABANOVI\u0106\">EDO \u0160ABANOVI\u0106<\/option><option value=\"ELDIN TULEK\">ELDIN TULEK<\/option><option value=\"FRANCI STRAJNAR\">FRANCI STRAJNAR<\/option><option value=\"FRIDERIK BOBNARI\u010c\">FRIDERIK BOBNARI\u010c<\/option><option value=\"GAJ NADI\u0160I\u010c\">GAJ NADI\u0160I\u010c<\/option><option value=\"GA\u0160PER REBEC\">GA\u0160PER REBEC<\/option><option value=\"GIANMARCO LUPIERI\">GIANMARCO LUPIERI<\/option><option value=\"GORAN BELO\u0160EVI\u010c\">GORAN BELO\u0160EVI\u010c<\/option><option value=\"GORAN JOVI\u010cI\u0106\">GORAN JOVI\u010cI\u0106<\/option><option value=\"GORAN \u0160UKALO\">GORAN \u0160UKALO<\/option><option value=\"GORAZD MARA\u0160EK\">GORAZD MARA\u0160EK<\/option><option value=\"GREGA HERIC\">GREGA HERIC<\/option><option value=\"GREGA JESIH\">GREGA JESIH<\/option><option value=\"GREGA \u0160KOFIC\">GREGA \u0160KOFIC<\/option><option value=\"GREGOR CETINSKI\">GREGOR CETINSKI<\/option><option value=\"GREGOR \u010cI\u010cIGOJ\">GREGOR \u010cI\u010cIGOJ<\/option><option value=\"GREGOR GLAVI\u010c\">GREGOR GLAVI\u010c<\/option><option value=\"GREGOR MAJCEN\">GREGOR MAJCEN<\/option><option value=\"GREGOR MISLEJ\">GREGOR MISLEJ<\/option><option value=\"IGOR BO\u017dI\u010c\">IGOR BO\u017dI\u010c<\/option><option value=\"IGOR LAVRNIC\">IGOR LAVRNIC<\/option><option value=\"IGOR VINCEK\">IGOR VINCEK<\/option><option value=\"IVICA MATIJA\u0160I\u0106\">IVICA MATIJA\u0160I\u0106<\/option><option value=\"IVO STIPANI\u010cEV\">IVO STIPANI\u010cEV<\/option><option value=\"IZTOK KAV\u010cI\u010c\">IZTOK KAV\u010cI\u010c<\/option><option value=\"IZTOK KLENAR\">IZTOK KLENAR<\/option><option value=\"JAKOB BEN\u010cI\u010c\">JAKOB BEN\u010cI\u010c<\/option><option value=\"JAKOB J. DOLENC\">JAKOB J. DOLENC<\/option><option value=\"JAN ZAJEC\">JAN ZAJEC<\/option><option value=\"JANIK KALEM M.\">JANIK KALEM M.<\/option><option value=\"JANO\u0160 CIGALE\">JANO\u0160 CIGALE<\/option><option value=\"JURE NOVAK\">JURE NOVAK<\/option><option value=\"KRISTIJAN KALIOPE\">KRISTIJAN KALIOPE<\/option><option value=\"LUCAS BANTI\u0106\">LUCAS BANTI\u0106<\/option><option value=\"LUKA DOLENC\">LUKA DOLENC<\/option><option value=\"MARIO BORAC\">MARIO BORAC<\/option><option value=\"MARKO GOJAK\">MARKO GOJAK<\/option><option value=\"MARKO KOZEL\">MARKO KOZEL<\/option><option value=\"MARKO MLEKU\u017d\">MARKO MLEKU\u017d<\/option><option value=\"MARKO REBEC\">MARKO REBEC<\/option><option value=\"MARKO VODOPIVEC\">MARKO VODOPIVEC<\/option><option value=\"MARTIN PREGELJ\">MARTIN PREGELJ<\/option><option value=\"MATEJ KUSSEL\">MATEJ KUSSEL<\/option><option value=\"MATEJ MILO\u0160EVI\u010c\">MATEJ MILO\u0160EVI\u010c<\/option><option value=\"MATIC HERIC\">MATIC HERIC<\/option><option value=\"MATIJA \u0160TRASNER\">MATIJA \u0160TRASNER<\/option><option value=\"MATIJA TONEJC\">MATIJA TONEJC<\/option><option value=\"MATJA\u017d FILEJ\">MATJA\u017d FILEJ<\/option><option value=\"MATJA\u017d GOJAK\">MATJA\u017d GOJAK<\/option><option value=\"MIHA BABI\u0106\">MIHA BABI\u0106<\/option><option value=\"MIHA KLAJ\">MIHA KLAJ<\/option><option value=\"MIHA OBERSTAR\">MIHA OBERSTAR<\/option><option value=\"MIHA RAJ\">MIHA RAJ<\/option><option value=\"MIHOVIL RAMESA\">MIHOVIL RAMESA<\/option><option value=\"MITJA PASUTTO\">MITJA PASUTTO<\/option><option value=\"MITJA ZATKOVI\u0106\">MITJA ZATKOVI\u0106<\/option><option value=\"MITJA \u017dNIDAR\u0160I\u010c\">MITJA \u017dNIDAR\u0160I\u010c<\/option><option value=\"MLADEN JOVI\u010cI\u0106\">MLADEN JOVI\u010cI\u0106<\/option><option value=\"NEJC KAPELJ\">NEJC KAPELJ<\/option><option value=\"NENAD JOVI\u0106\">NENAD JOVI\u0106<\/option><option value=\"NIK BRATA\u0160EVEC\">NIK BRATA\u0160EVEC<\/option><option value=\"NIK BUDAK\">NIK BUDAK<\/option><option value=\"NIKOLA ILI\u0106\">NIKOLA ILI\u0106<\/option><option value=\"OGI MARINKOVI\u010c\">OGI MARINKOVI\u010c<\/option><option value=\"PETER KOS\">PETER KOS<\/option><option value=\"PETER KRESNIK\">PETER KRESNIK<\/option><option value=\"PETER MATANOVI\u010c\">PETER MATANOVI\u010c<\/option><option value=\"PETER PRIMO\u017dI\u010c\">PETER PRIMO\u017dI\u010c<\/option><option value=\"PETER SIN\u010cI\u010c\">PETER SIN\u010cI\u010c<\/option><option value=\"PRIMO\u017d KRE\u010cI\u010c\">PRIMO\u017d KRE\u010cI\u010c<\/option><option value=\"RENDY CAH\">RENDY CAH<\/option><option value=\"ROBERT JAN\u010cIGAJ\">ROBERT JAN\u010cIGAJ<\/option><option value=\"ROBERT NOVAK\">ROBERT NOVAK<\/option><option value=\"ROBERT \u0160ESTI\u0106\">ROBERT \u0160ESTI\u0106<\/option><option value=\"ROBERTO CEROICI\">ROBERTO CEROICI<\/option><option value=\"ROBI GODNI\u010c\">ROBI GODNI\u010c<\/option><option value=\"ROBI STEPANOVSKI\">ROBI STEPANOVSKI<\/option><option value=\"ROMEO JA\u010cMENJAK\">ROMEO JA\u010cMENJAK<\/option><option value=\"RUDI BRADELJ\">RUDI BRADELJ<\/option><option value=\"RUDI GRBEC\">RUDI GRBEC<\/option><option value=\"SANDI DROLC\">SANDI DROLC<\/option><option value=\"SANDI EMER\u0160I\u010c\">SANDI EMER\u0160I\u010c<\/option><option value=\"SANDI LOVRE\u010cI\u010c\">SANDI LOVRE\u010cI\u010c<\/option><option value=\"SA\u0160A NIKOLI\u0106\">SA\u0160A NIKOLI\u0106<\/option><option value=\"SEBASTJAN \u010cAGRAN\">SEBASTJAN \u010cAGRAN<\/option><option value=\"SEBASTJAN \u0160KERLI\u010c\">SEBASTJAN \u0160KERLI\u010c<\/option><option value=\"SEBASTJAN ULAMEC\">SEBASTJAN ULAMEC<\/option><option value=\"SIMON SIROTI\u010c\">SIMON SIROTI\u010c<\/option><option value=\"STIPO KALEM M.\">STIPO KALEM M.<\/option><option value=\"TADEJ GRILJ\">TADEJ GRILJ<\/option><option value=\"TADEJ MIHALI\u010c\">TADEJ MIHALI\u010c<\/option><option value=\"TAJ MOREL\">TAJ MOREL<\/option><option value=\"TAN TABAR\">TAN TABAR<\/option><option value=\"TEO KLEPA\u010c\">TEO KLEPA\u010c<\/option><option value=\"TIHOMIR MA\u010cAK\">TIHOMIR MA\u010cAK<\/option><option value=\"TOMA\u017d LE\u0160NIK\">TOMA\u017d LE\u0160NIK<\/option><option value=\"TOMI COLLORI\">TOMI COLLORI<\/option><option value=\"TOMMASO GUERA\">TOMMASO GUERA<\/option><option value=\"URO\u0160 NOVEL\">URO\u0160 NOVEL<\/option><option value=\"URO\u0160 PROTNER\">URO\u0160 PROTNER<\/option><option value=\"VLADO HERIC\">VLADO HERIC<\/option><option value=\"VOJAN PAL\u010cI\u010c\">VOJAN PAL\u010cI\u010c<\/option><option value=\"ZORAN MATAVULJ\">ZORAN MATAVULJ<\/option><option value=\"\u017dAK KAVRE\u010cI\u010c\">\u017dAK KAVRE\u010cI\u010c<\/option><\/select><\/span>\n<\/div>\n<div class=\"unit\" id=\"igralec\">\n<span class=\"wpcf7-form-control-wrap ime_nov\"><input type=\"text\" name=\"ime_nov\" value=\"\" size=\"40\" class=\"wpcf7-form-control wpcf7-text\" aria-invalid=\"false\" placeholder=\"Nov igralec? Vpi\u0161ite ime in priimek\" \/><\/span>\n<\/div>\n<div class=\"unit\">\n<span class=\"wpcf7-form-control-wrap email\"><input type=\"email\" name=\"email\" value=\"\" size=\"40\" class=\"wpcf7-form-control wpcf7-text wpcf7-email wpcf7-validates-as-required wpcf7-validates-as-email\" aria-required=\"true\" aria-invalid=\"false\" placeholder=\"E-po\u0161tni naslov ...\" \/><\/span>\n<\/div>\n<div class=\"unit break\">\n<span class=\"wpcf7-form-control-wrap letnik\"><input type=\"text\" name=\"letnik\" value=\"\" size=\"40\" class=\"wpcf7-form-control wpcf7-text wpcf7-validates-as-required\" aria-required=\"true\" aria-invalid=\"false\" placeholder=\"Letnik ...\" \/><\/span>\n<\/div>\n<div class=\"unit\">\n<span class=\"wpcf7-form-control-wrap roka\"><select name=\"roka\" class=\"wpcf7-form-control wpcf7-select wpcf7-validates-as-required\" aria-required=\"true\" aria-invalid=\"false\"><option value=\"\">Roka ...<\/option><option value=\"Desna\">Desna<\/option><option value=\"Leva\">Leva<\/option><\/select><\/span>\n<\/div>\n<div class=\"unit\">\n<span class=\"wpcf7-form-control-wrap kraj\"><select name=\"kraj\" class=\"wpcf7-form-control wpcf7-select wpcf7-validates-as-required\" aria-required=\"true\" aria-invalid=\"false\"><option value=\"\">Kraj ...<\/option><option value=\"Portoro\u017e\">Portoro\u017e<\/option><option value=\"Lucija\">Lucija<\/option><option value=\"Koper\">Koper<\/option><option value=\"Ankaran\">Ankaran<\/option><option value=\"Izola\">Izola<\/option><option value=\"Piran\">Piran<\/option><option value=\"Hrpelje-Kozina\">Hrpelje-Kozina<\/option><option value=\"Strunjan\">Strunjan<\/option><option value=\"Ljubljana\">Ljubljana<\/option><option value=\"Kranj\">Kranj<\/option><option value=\"Postojna\">Postojna<\/option><option value=\"Nova Gorica\">Nova Gorica<\/option><option value=\"Vipava\">Vipava<\/option><option value=\"Ajdov\u0161\u010dina\">Ajdov\u0161\u010dina<\/option><option value=\"Drugo\">Drugo<\/option><\/select><\/span>\n<\/div>\n<div class=\"unit\">\n<span class=\"wpcf7-form-control-wrap majica\"><select name=\"majica\" class=\"wpcf7-form-control wpcf7-select wpcf7-validates-as-required\" aria-required=\"true\" aria-invalid=\"false\"><option value=\"\">Velikost majice ...<\/option><option value=\"S\">S<\/option><option value=\"M\">M<\/option><option value=\"L\">L<\/option><option value=\"XL\">XL<\/option><option value=\"XXL\">XXL<\/option><\/select><\/span>\n<\/div>\n<div class=\"unit\">\n<span class=\"wpcf7-form-control-wrap zoge\"><select name=\"zoge\" class=\"wpcf7-form-control wpcf7-select wpcf7-validates-as-required\" aria-required=\"true\" aria-invalid=\"false\"><option value=\"\">Naro\u010dam tenis \u017eoge ...<\/option><option value=\"Ne potrebujem jih \u017ee imam\">Ne potrebujem jih \u017ee imam<\/option><option value=\"Wilson Roland Garros (6,5 \u20ac) 12 paketov: 78,00 \u20ac\">Wilson Roland Garros (6,5 \u20ac) 12 paketov: 78,00 \u20ac<\/option><\/select><\/span>\n<\/div>\n<div class=\"unit\">\n<span class=\"wpcf7-form-control-wrap naslov\"><input type=\"text\" name=\"naslov\" value=\"\" size=\"40\" class=\"wpcf7-form-control wpcf7-text wpcf7-validates-as-required\" aria-required=\"true\" aria-invalid=\"false\" placeholder=\"Naslov in po\u0161tna \u0161tevilka za dostavo naro\u010denih \u017eogic (naslov bivali\u0161\u010da)\" \/><\/span>\n<\/div>\n<div class=\"unit\">\n<span class=\"wpcf7-form-control-wrap telefon\"><input type=\"text\" name=\"telefon\" value=\"\" size=\"40\" class=\"wpcf7-form-control wpcf7-text wpcf7-validates-as-required\" aria-required=\"true\" aria-invalid=\"false\" placeholder=\"Mobilni telefon\" \/><\/span><\/p>\n<\/div>\n<div class=\"term\">\n<span class=\"wpcf7-form-control-wrap obvescanje\"><span class=\"wpcf7-form-control wpcf7-checkbox wpcf7-validates-as-required\"><span class=\"wpcf7-list-item first last\"><input type=\"checkbox\" name=\"obvescanje[]\" value=\"Strinjam se z obdelavo mojih osebnih podatkov za potrebe obve\u0161\u010danja preko e-po\u0161te\" \/><span class=\"wpcf7-list-item-label\">Strinjam se z obdelavo mojih osebnih podatkov za potrebe obve\u0161\u010danja preko e-po\u0161te<\/span><\/span><\/span><\/span>\n<\/div>\n<div class=\"term\">\n<span class=\"wpcf7-form-control-wrap vodenje\"><span class=\"wpcf7-form-control wpcf7-checkbox wpcf7-validates-as-required\"><span class=\"wpcf7-list-item first last\"><input type=\"checkbox\" name=\"vodenje[]\" value=\"Strinjam se z obdelavo mojih osebnih podatkov za potrebe vodenja tekmovanja\" \/><span class=\"wpcf7-list-item-label\">Strinjam se z obdelavo mojih osebnih podatkov za potrebe vodenja tekmovanja<\/span><\/span><\/span><\/span>\n<\/div>\n<div class=\"submitbtn\">\n<p><input type=\"submit\" value=\"Po\u0161lji prijavo\" class=\"wpcf7-form-control wpcf7-submit\" \/><\/p>\n<\/div>\n<div class=\"wpcf7-response-output\" aria-hidden=\"true\"><\/div><\/form><\/div><\/div>\n\n\n\n<p><h4><strong>Prijave 2025<\/strong><\/h4><\/p>\n\n\n\n<figure class=\"wp-block-table\"><table><tbody><tr><td><strong>Zap. \u0161t<\/strong><\/td><td><strong>Ime in priimek<\/strong><\/td><td><strong>Kraj<\/strong><\/td><\/tr><tr><td>1<\/td><td>DAMJAN DEKLEVA<\/td><td>Lucija<\/td><\/tr><tr><td>2<\/td><td>ROBERTO CEROICI<\/td><td>Portoro\u017e<\/td><\/tr><tr><td>3<\/td><td>IVO STIPANI\u010cEV<\/td><td>Koper<\/td><\/tr><tr><td>4<\/td><td>ROMEO JA\u010cMENJAK<\/td><td>Lucija<\/td><\/tr><tr><td>5<\/td><td>MARKO MLEKU\u017d<\/td><td>Koper<\/td><\/tr><tr><td>6<\/td><td>ALE\u0160 BRATINA<\/td><td>Drugo<\/td><\/tr><tr><td>7<\/td><td>JAKOB BEN\u010cI\u010c<\/td><td>Koper<\/td><\/tr><tr><td>8<\/td><td>Nik bubi\u010d<\/td><td>Koper<\/td><\/tr><tr><td>9<\/td><td>RENDY CAH<\/td><td>Koper<\/td><\/tr><tr><td>10<\/td><td>ANDREJ KRA\u0160EVEC<\/td><td>Portoro\u017e<\/td><\/tr><tr><td>11<\/td><td>ALEKS KUZMIN<\/td><td>Hrpelje-Kozina<\/td><\/tr><tr><td>12<\/td><td>JANIK KALEM M.<\/td><td>Koper<\/td><\/tr><tr><td>13<\/td><td>BORUT UMER<\/td><td>Lucija<\/td><\/tr><tr><td>14<\/td><td>SANDI DROLC<\/td><td>Koper<\/td><\/tr><tr><td>15<\/td><td>MARKO REBEC<\/td><td>Drugo<\/td><\/tr><tr><td>16<\/td><td>SIMON SIROTI\u010c<\/td><td>Portoro\u017e<\/td><\/tr><tr><td>17<\/td><td>MATEJ KUSSEL<\/td><td>Izola<\/td><\/tr><tr><td>18<\/td><td>TADEJ GRILJ<\/td><td>Koper<\/td><\/tr><tr><td>19<\/td><td>GREGOR MISLEJ<\/td><td>Lucija<\/td><\/tr><tr><td>20<\/td><td>DAMJAN ZORNADA<\/td><td>Koper<\/td><\/tr><tr><td>21<\/td><td>EDO \u0160ABANOVI\u0106<\/td><td>Koper<\/td><\/tr><tr><td>22<\/td><td>AMEL RAMI\u0106<\/td><td>Koper<\/td><\/tr><tr><td>23<\/td><td>SEBASTJAN \u0160KERLI\u010c<\/td><td>Koper<\/td><\/tr><tr><td>24<\/td><td>DAMIR MIKIN<\/td><td>Izola<\/td><\/tr><tr><td>25<\/td><td>GAJ NADI\u0160I\u010c<\/td><td>Lucija<\/td><\/tr><tr><td>26<\/td><td>MARKO VODOPIVEC<\/td><td>Portoro\u017e<\/td><\/tr><tr><td>27<\/td><td>ANDREJ KUK<\/td><td>Piran<\/td><\/tr><tr><td>28<\/td><td>NIK BRATA\u0160EVEC<\/td><td>Koper<\/td><\/tr><tr><td>29<\/td><td>PRIMO\u017d KRE\u010cI\u010c<\/td><td>Izola<\/td><\/tr><tr><td>30<\/td><td>TAN TABAR<\/td><td>Lucija<\/td><\/tr><tr><td>31<\/td><td>DAVID ZAJEC<\/td><td>Ankaran<\/td><\/tr><tr><td>32<\/td><td>MIHA BABI\u0106<\/td><td>Koper<\/td><\/tr><tr><td>33<\/td><td>Matej sabadin<\/td><td>Koper<\/td><\/tr><tr><td>34<\/td><td>DU\u0160KO KUZMANOVI\u0106<\/td><td>Ankaran<\/td><\/tr><tr><td>35<\/td><td>France Frelih<\/td><td>Ljubljana<\/td><\/tr><tr><td>36<\/td><td>Jan lap<\/td><td>Ljubljana<\/td><\/tr><tr><td>37<\/td><td>Uro\u0161 medja<\/td><td>Lucija<\/td><\/tr><tr><td>38<\/td><td>IVICA MATIJA\u0160I\u0106<\/td><td>Lucija<\/td><\/tr><tr><td>39<\/td><td>ELDIN TULEK<\/td><td>Hrpelje-Kozina<\/td><\/tr><tr><td>40<\/td><td>ROBI GODNI\u010c<\/td><td>Koper<\/td><\/tr><tr><td>41<\/td><td>Marko Janjanin<\/td><td>Koper<\/td><\/tr><tr><td>42<\/td><td>VLADO HERIC<\/td><td>Koper<\/td><\/tr><tr><td>43<\/td><td>VOJAN PAL\u010cI\u010c<\/td><td>Strunjan<\/td><\/tr><tr><td>44<\/td><td>Sulejman tulek<\/td><td>Hrpelje-Kozina<\/td><\/tr><tr><td>45<\/td><td>MARKO GOJAK<\/td><td>Koper<\/td><\/tr><tr><td>46<\/td><td>JAN ZAJEC<\/td><td>Koper<\/td><\/tr><tr><td>47<\/td><td>MIHA OBERSTAR<\/td><td>Koper<\/td><\/tr><tr><td>48<\/td><td>STIPO KALEM M.<\/td><td>Koper<\/td><\/tr><tr><td>49<\/td><td>Adriaan beiertz<\/td><td>Koper<\/td><\/tr><tr><td>50<\/td><td>Martin pregelj<\/td><td>Koper<\/td><\/tr><tr><td>51<\/td><td>IZTOK KAV\u010cI\u010c<\/td><td>Koper<\/td><\/tr><tr><td>52<\/td><td>PETER KOS<\/td><td>Koper<\/td><\/tr><tr><td>53<\/td><td>PETER KRESNIK<\/td><td>Koper<\/td><\/tr><tr><td>54<\/td><td>BORUT GLAVINA<\/td><td>Koper<\/td><\/tr><tr><td>55<\/td><td>DENYS SVYSTUKHIN<\/td><td>Piran<\/td><\/tr><tr><td>56<\/td><td>Sergii lashkul<\/td><td>Lucija<\/td><\/tr><tr><td>57<\/td><td>DARE VR\u0160I\u010c<\/td><td>Koper<\/td><\/tr><tr><td>58<\/td><td>ALJA\u017d \u017dIGON<\/td><td>Koper<\/td><\/tr><tr><td>59<\/td><td>ANDRA\u017d ROGELJA<\/td><td>Ljubljana<\/td><\/tr><tr><td>60<\/td><td>SEBASTJAN ULAMEC<\/td><td>Ankaran<\/td><\/tr><tr><td>61<\/td><td>Patrik kos<\/td><td>Koper<\/td><\/tr><tr><td>62<\/td><td>\u017dAK KAVRE\u010cI\u010c<\/td><td>Koper<\/td><\/tr><tr><td>63<\/td><td>JAN PERO\u0160A<\/td><td>Koper<\/td><\/tr><tr><td>64<\/td><td>Andrej hribar<\/td><td>Koper<\/td><\/tr><tr><td>65<\/td><td>Edin Balija<\/td><td>Koper<\/td><\/tr><tr><td>66<\/td><td>GREGOR \u010cI\u010cIGOJ<\/td><td>Koper<\/td><\/tr><tr><td>67<\/td><td>ACO SPASOVI\u0106<\/td><td>Hrpelje-Kozina<\/td><\/tr><tr><td>68<\/td><td>SEBASTJAN \u010cAGRAN<\/td><td>Koper<\/td><\/tr><tr><td>69<\/td><td>NIK BUDAK<\/td><td>Portoro\u017e<\/td><\/tr><tr><td>70<\/td><td>GA\u0160PER MARC<\/td><td>Koper<\/td><\/tr><tr><td>71<\/td><td>Bo\u017eo Nagode<\/td><td>Postojna<\/td><\/tr><tr><td>72<\/td><td>Jernej Sepi\u010d<\/td><td>Koper<\/td><\/tr><tr><td>73<\/td><td>Ivan Mijatovi\u0107<\/td><td>Koper<\/td><\/tr><tr><td>74<\/td><td>Matej Perosa<\/td><td>Koper<\/td><\/tr><tr><td>75<\/td><td>JAKOB J. DOLENC<\/td><td>Koper<\/td><\/tr><tr><td>76<\/td><td>MITJA PASUTTO<\/td><td>Koper<\/td><\/tr><tr><td>77<\/td><td>ARNEL JUNUZOVI\u0106<\/td><td>Portoro\u017e<\/td><\/tr><tr><td>78<\/td><td>DENIS \u010cEBULEC<\/td><td>Drugo<\/td><\/tr><tr><td>79<\/td><td>Mario Borac<\/td><td>Drugo<\/td><\/tr><tr><td>80<\/td><td>ANTON JURI\u0160EVI\u010c<\/td><td>Izola<\/td><\/tr><tr><td>81<\/td><td>Robert \u0160i\u0161ko<\/td><td>Drugo<\/td><\/tr><tr><td>82<\/td><td>Zoran mi\u0161ljenovi\u0107<\/td><td>Drugo<\/td><\/tr><tr><td>83<\/td><td>Dejan banovi\u010d<\/td><td>Piran<\/td><\/tr><tr><td>84<\/td><td>BRANKO PODGORNIK<\/td><td>Portoro\u017e<\/td><\/tr><tr><td>85<\/td><td>BOBO LAZOVI\u0106<\/td><td>Koper<\/td><\/tr><tr><td>86<\/td><td>Luka Dolenc<\/td><td>Koper<\/td><\/tr><tr><td>87<\/td><td>Slavi\u0161a djuki\u0107<\/td><td>Piran<\/td><\/tr><tr><td>88<\/td><td>Uro\u0161 samec<\/td><td>Izola<\/td><\/tr><tr><td>89<\/td><td>ALE\u0160 FRAN\u010cE\u0160KIN<\/td><td>Izola<\/td><\/tr><tr><td>90<\/td><td>SA\u0160A NIKOLI\u0106<\/td><td>Portoro\u017e<\/td><\/tr><tr><td>91<\/td><td>DEJAN CVJETKOVI\u0106<\/td><td>Koper<\/td><\/tr><tr><td>92<\/td><td>DU\u0160AN VALENTIN\u010cI\u010c<\/td><td>Koper<\/td><\/tr><tr><td>93<\/td><td>Gianmarco Lupieri<\/td><td>Portoro\u017e<\/td><\/tr><tr><td>94<\/td><td>Ale\u0161 Gripari\u010d<\/td><td>Koper<\/td><\/tr><tr><td>95<\/td><td>ROBI STEPANOVSKI<\/td><td>Izola<\/td><\/tr><tr><td>96<\/td><td>Kiki Struna<\/td><td>Koper<\/td><\/tr><tr><td>97<\/td><td>Taj Popovi\u010d<\/td><td>Koper<\/td><\/tr><tr><td>98<\/td><td>Vid umer<\/td><td>Koper<\/td><\/tr><tr><td>99<\/td><td>Aleks sti\u010d<\/td><td>Koper<\/td><\/tr><tr><td>100<\/td><td>Senad hodzic<\/td><td>Koper<\/td><\/tr><tr><td>101<\/td><td>ALEX BU\u010cI\u0106<\/td><td>Koper<\/td><\/tr><tr><td>102<\/td><td>Elvis Ramic<\/td><td>Koper<\/td><\/tr><tr><td>103<\/td><td>URO\u0160 PROTNER<\/td><td>Izola<\/td><\/tr><tr><td>104<\/td><td>Branislav Todorovi\u0107<\/td><td>Lucija<\/td><\/tr><tr><td>105<\/td><td>Robert Rostan<\/td><td>Lucija<\/td><\/tr><tr><td>106<\/td><td>Niko Gamulin<\/td><td>Portoro\u017e<\/td><\/tr><tr><td>107<\/td><td>Jakob vitezica<\/td><td>Koper<\/td><\/tr><tr><td>108<\/td><td>sandi rupena<\/td><td>Lucija<\/td><\/tr><tr><td>109<\/td><td>Anej koradin<\/td><td>Koper<\/td><\/tr><tr><td>110<\/td><td>Dalibor Legen<\/td><td>Piran<\/td><\/tr><tr><td>111<\/td><td>Stefan ili\u0107<\/td><td>Koper<\/td><\/tr><tr><td>112<\/td><td>Ziga Vehovec<\/td><td>Koper<\/td><\/tr><tr><td>113<\/td><td>ziga vehovec<\/td><td>Koper<\/td><\/tr><tr><td>114<\/td><td>Ulrike<\/td><td>Drugo<\/td><\/tr><tr><td>115<\/td><td>enej stampfer<\/td><td>Izola<\/td><\/tr><tr><td>116<\/td><td>Matja\u017e primc<\/td><td>Koper<\/td><\/tr><tr><td>117<\/td><td>DU\u0160KO KUZMANOVI\u0106<\/td><td>Ankaran<\/td><\/tr><\/tbody><\/table><\/figure>\n","protected":false},"excerpt":{"rendered":"<p>Prijave 2025<\/p>\n","protected":false},"author":1,"featured_media":0,"parent":0,"menu_order":0,"comment_status":"closed","ping_status":"closed","template":"","meta":{"footnotes":""},"class_list":["post-9448","page","type-page","status-publish","hentry"],"acf":[],"_links":{"self":[{"href":"https:\/\/prijava.piramidatour.si\/index.php\/wp-json\/wp\/v2\/pages\/9448","targetHints":{"allow":["GET"]}}],"collection":[{"href":"https:\/\/prijava.piramidatour.si\/index.php\/wp-json\/wp\/v2\/pages"}],"about":[{"href":"https:\/\/prijava.piramidatour.si\/index.php\/wp-json\/wp\/v2\/types\/page"}],"author":[{"embeddable":true,"href":"https:\/\/prijava.piramidatour.si\/index.php\/wp-json\/wp\/v2\/users\/1"}],"replies":[{"embeddable":true,"href":"https:\/\/prijava.piramidatour.si\/index.php\/wp-json\/wp\/v2\/comments?post=9448"}],"version-history":[{"count":9,"href":"https:\/\/prijava.piramidatour.si\/index.php\/wp-json\/wp\/v2\/pages\/9448\/revisions"}],"predecessor-version":[{"id":9570,"href":"https:\/\/prijava.piramidatour.si\/index.php\/wp-json\/wp\/v2\/pages\/9448\/revisions\/9570"}],"wp:attachment":[{"href":"https:\/\/prijava.piramidatour.si\/index.php\/wp-json\/wp\/v2\/media?parent=9448"}],"curies":[{"name":"wp","href":"https:\/\/api.w.org\/{rel}","templated":true}]}}